{"id":1015,"date":"2021-05-27T02:06:11","date_gmt":"2021-05-26T23:06:11","guid":{"rendered":"https:\/\/blog.shopalm.com\/tiehome\/"},"modified":"2026-01-08T14:35:13","modified_gmt":"2026-01-08T11:35:13","slug":"ana-sayfa","status":"publish","type":"page","link":"https:\/\/www.shopalm.com\/blog\/","title":{"rendered":"Ana Sayfa"},"content":{"rendered":"<div style='text-align:center' class='yasr-auto-insert-visitor'><!--Yasr Visitor Votes Shortcode--><div id='yasr_visitor_votes_91562e1f64e9c' class='yasr-visitor-votes'><div id='yasr-vv-second-row-container-91562e1f64e9c'\n                                        class='yasr-vv-second-row-container'><div id='yasr-visitor-votes-rater-91562e1f64e9c'\n                                      class='yasr-rater-stars-vv'\n                                      data-rater-postid='1015'\n                                      data-rating='0'\n                                      data-rater-starsize='32'\n                                      data-rater-readonly='false'\n                                      data-rater-nonce='c2306e04f4'\n                                      data-issingular='false'\n                                    ><\/div><div class=\"yasr-vv-stats-text-container\" id=\"yasr-vv-stats-text-container-91562e1f64e9c\"><svg xmlns=\"https:\/\/www.w3.org\/2000\/svg\" width=\"20\" height=\"20\"\n                                   class=\"yasr-dashicons-visitor-stats\"\n                                   data-postid=\"1015\"\n                                   id=\"yasr-stats-dashicon-91562e1f64e9c\">\n                                   <path d=\"M18 18v-16h-4v16h4zM12 18v-11h-4v11h4zM6 18v-8h-4v8h4z\"><\/path>\n                               <\/svg><span id=\"yasr-vv-text-container-91562e1f64e9c\" class=\"yasr-vv-text-container\">[Toplam: <span id=\"yasr-vv-votes-number-container-91562e1f64e9c\">0<\/span>  Ortalama: <span id=\"yasr-vv-average-container-91562e1f64e9c\">0<\/span>]<\/span><\/div><div id='yasr-vv-loader-91562e1f64e9c' class='yasr-vv-container-loader'><\/div><\/div><div id='yasr-vv-bottom-container-91562e1f64e9c' class='yasr-vv-bottom-container'><\/div><\/div><!--End Yasr Visitor Votes Shortcode--><\/div>","protected":false},"excerpt":{"rendered":"<p>[Toplam: 0 Ortalama: 0]<\/p>\n","protected":false},"author":1,"featured_media":0,"parent":0,"menu_order":0,"comment_status":"closed","ping_status":"closed","template":"","meta":{"yasr_overall_rating":0,"yasr_post_is_review":"","yasr_auto_insert_disabled":"","yasr_review_type":"","footnotes":""},"class_list":["post-1015","page","type-page","status-publish","hentry"],"yoast_head":"<!-- This site is optimized with the Yoast SEO plugin v23.4 - https:\/\/yoast.com\/wordpress\/plugins\/seo\/ -->\n<title>Ana Sayfa - Shopalm | Avu\u00e7 \u0130\u00e7inizdeki Al\u0131\u015fveri\u015f<\/title>\n<meta name=\"description\" content=\"E-ticaret rehberleri, sosyal medya sat\u0131\u015f ipu\u00e7lar\u0131 ve dijital pazarlama trendleri Shopalm Blog&#039;da! \u0130\u015finizi b\u00fcy\u00fctmek i\u00e7in g\u00fcncel i\u00e7erikleri hemen ke\u015ffedin.\" \/>\n<meta name=\"robots\" content=\"index, follow, max-snippet:-1, max-image-preview:large, max-video-preview:-1\" \/>\n<link rel=\"canonical\" href=\"https:\/\/www.shopalm.com\/blog\/\" \/>\n<meta property=\"og:locale\" content=\"tr_TR\" \/>\n<meta property=\"og:type\" content=\"article\" \/>\n<meta property=\"og:title\" content=\"Ana Sayfa - Shopalm | Avu\u00e7 \u0130\u00e7inizdeki Al\u0131\u015fveri\u015f\" \/>\n<meta property=\"og:description\" content=\"E-ticaret rehberleri, sosyal medya sat\u0131\u015f ipu\u00e7lar\u0131 ve dijital pazarlama trendleri Shopalm Blog&#039;da! \u0130\u015finizi b\u00fcy\u00fctmek i\u00e7in g\u00fcncel i\u00e7erikleri hemen ke\u015ffedin.\" \/>\n<meta property=\"og:url\" content=\"https:\/\/www.shopalm.com\/blog\/\" \/>\n<meta property=\"og:site_name\" content=\"Shopalm | Avu\u00e7 \u0130\u00e7inizdeki Al\u0131\u015fveri\u015f\" \/>\n<meta property=\"article:modified_time\" content=\"2026-01-08T11:35:13+00:00\" \/>\n<meta name=\"twitter:card\" content=\"summary_large_image\" \/>\n<script type=\"application\/ld+json\" class=\"yoast-schema-graph\">{\"@context\":\"https:\/\/schema.org\",\"@graph\":[{\"@type\":\"WebPage\",\"@id\":\"https:\/\/www.shopalm.com\/blog\/\",\"url\":\"https:\/\/www.shopalm.com\/blog\/\",\"name\":\"Ana Sayfa - Shopalm | Avu\u00e7 \u0130\u00e7inizdeki Al\u0131\u015fveri\u015f\",\"isPartOf\":{\"@id\":\"https:\/\/www.shopalm.com\/blog\/#website\"},\"datePublished\":\"2021-05-26T23:06:11+00:00\",\"dateModified\":\"2026-01-08T11:35:13+00:00\",\"description\":\"E-ticaret rehberleri, sosyal medya sat\u0131\u015f ipu\u00e7lar\u0131 ve dijital pazarlama trendleri Shopalm Blog'da! \u0130\u015finizi b\u00fcy\u00fctmek i\u00e7in g\u00fcncel i\u00e7erikleri hemen ke\u015ffedin.\",\"breadcrumb\":{\"@id\":\"https:\/\/www.shopalm.com\/blog\/#breadcrumb\"},\"inLanguage\":\"tr\",\"potentialAction\":[{\"@type\":\"ReadAction\",\"target\":[\"https:\/\/www.shopalm.com\/blog\/\"]}]},{\"@type\":\"BreadcrumbList\",\"@id\":\"https:\/\/www.shopalm.com\/blog\/#breadcrumb\",\"itemListElement\":[{\"@type\":\"ListItem\",\"position\":1,\"name\":\"Anasayfa\",\"item\":\"https:\/\/www.shopalm.com\/blog\/\"},{\"@type\":\"ListItem\",\"position\":2,\"name\":\"Ana Sayfa\"}]},{\"@type\":\"WebSite\",\"@id\":\"https:\/\/www.shopalm.com\/blog\/#website\",\"url\":\"https:\/\/www.shopalm.com\/blog\/\",\"name\":\"Shopalm | Avu\u00e7 \u0130\u00e7inizdeki Al\u0131\u015fveri\u015f\",\"description\":\"Avu\u00e7 \u0130\u00e7inizdeki Al\u0131\u015fveri\u015f\",\"publisher\":{\"@id\":\"https:\/\/www.shopalm.com\/blog\/#organization\"},\"potentialAction\":[{\"@type\":\"SearchAction\",\"target\":{\"@type\":\"EntryPoint\",\"urlTemplate\":\"https:\/\/www.shopalm.com\/blog\/?s={search_term_string}\"},\"query-input\":{\"@type\":\"PropertyValueSpecification\",\"valueRequired\":true,\"valueName\":\"search_term_string\"}}],\"inLanguage\":\"tr\"},{\"@type\":\"Organization\",\"@id\":\"https:\/\/www.shopalm.com\/blog\/#organization\",\"name\":\"Shopalm\",\"url\":\"https:\/\/www.shopalm.com\/blog\/\",\"logo\":{\"@type\":\"ImageObject\",\"inLanguage\":\"tr\",\"@id\":\"https:\/\/www.shopalm.com\/blog\/#\/schema\/logo\/image\/\",\"url\":\"https:\/\/www.shopalm.com\/blog\/wp-content\/uploads\/2021\/05\/logo-dark.svg\",\"contentUrl\":\"https:\/\/www.shopalm.com\/blog\/wp-content\/uploads\/2021\/05\/logo-dark.svg\",\"width\":1,\"height\":1,\"caption\":\"Shopalm\"},\"image\":{\"@id\":\"https:\/\/www.shopalm.com\/blog\/#\/schema\/logo\/image\/\"}},false]}<\/script>\n<!-- \/ Yoast SEO plugin. -->","yoast_head_json":{"title":"Ana Sayfa - Shopalm | Avu\u00e7 \u0130\u00e7inizdeki Al\u0131\u015fveri\u015f","description":"E-ticaret rehberleri, sosyal medya sat\u0131\u015f ipu\u00e7lar\u0131 ve dijital pazarlama trendleri Shopalm Blog'da! \u0130\u015finizi b\u00fcy\u00fctmek i\u00e7in g\u00fcncel i\u00e7erikleri hemen ke\u015ffedin.","robots":{"index":"index","follow":"follow","max-snippet":"max-snippet:-1","max-image-preview":"max-image-preview:large","max-video-preview":"max-video-preview:-1"},"canonical":"https:\/\/www.shopalm.com\/blog\/","og_locale":"tr_TR","og_type":"article","og_title":"Ana Sayfa - Shopalm | Avu\u00e7 \u0130\u00e7inizdeki Al\u0131\u015fveri\u015f","og_description":"E-ticaret rehberleri, sosyal medya sat\u0131\u015f ipu\u00e7lar\u0131 ve dijital pazarlama trendleri Shopalm Blog'da! \u0130\u015finizi b\u00fcy\u00fctmek i\u00e7in g\u00fcncel i\u00e7erikleri hemen ke\u015ffedin.","og_url":"https:\/\/www.shopalm.com\/blog\/","og_site_name":"Shopalm | Avu\u00e7 \u0130\u00e7inizdeki Al\u0131\u015fveri\u015f","article_modified_time":"2026-01-08T11:35:13+00:00","twitter_card":"summary_large_image","schema":{"@context":"https:\/\/schema.org","@graph":[{"@type":"WebPage","@id":"https:\/\/www.shopalm.com\/blog\/","url":"https:\/\/www.shopalm.com\/blog\/","name":"Ana Sayfa - Shopalm | Avu\u00e7 \u0130\u00e7inizdeki Al\u0131\u015fveri\u015f","isPartOf":{"@id":"https:\/\/www.shopalm.com\/blog\/#website"},"datePublished":"2021-05-26T23:06:11+00:00","dateModified":"2026-01-08T11:35:13+00:00","description":"E-ticaret rehberleri, sosyal medya sat\u0131\u015f ipu\u00e7lar\u0131 ve dijital pazarlama trendleri Shopalm Blog'da! \u0130\u015finizi b\u00fcy\u00fctmek i\u00e7in g\u00fcncel i\u00e7erikleri hemen ke\u015ffedin.","breadcrumb":{"@id":"https:\/\/www.shopalm.com\/blog\/#breadcrumb"},"inLanguage":"tr","potentialAction":[{"@type":"ReadAction","target":["https:\/\/www.shopalm.com\/blog\/"]}]},{"@type":"BreadcrumbList","@id":"https:\/\/www.shopalm.com\/blog\/#breadcrumb","itemListElement":[{"@type":"ListItem","position":1,"name":"Anasayfa","item":"https:\/\/www.shopalm.com\/blog\/"},{"@type":"ListItem","position":2,"name":"Ana Sayfa"}]},{"@type":"WebSite","@id":"https:\/\/www.shopalm.com\/blog\/#website","url":"https:\/\/www.shopalm.com\/blog\/","name":"Shopalm | Avu\u00e7 \u0130\u00e7inizdeki Al\u0131\u015fveri\u015f","description":"Avu\u00e7 \u0130\u00e7inizdeki Al\u0131\u015fveri\u015f","publisher":{"@id":"https:\/\/www.shopalm.com\/blog\/#organization"},"potentialAction":[{"@type":"SearchAction","target":{"@type":"EntryPoint","urlTemplate":"https:\/\/www.shopalm.com\/blog\/?s={search_term_string}"},"query-input":{"@type":"PropertyValueSpecification","valueRequired":true,"valueName":"search_term_string"}}],"inLanguage":"tr"},{"@type":"Organization","@id":"https:\/\/www.shopalm.com\/blog\/#organization","name":"Shopalm","url":"https:\/\/www.shopalm.com\/blog\/","logo":{"@type":"ImageObject","inLanguage":"tr","@id":"https:\/\/www.shopalm.com\/blog\/#\/schema\/logo\/image\/","url":"https:\/\/www.shopalm.com\/blog\/wp-content\/uploads\/2021\/05\/logo-dark.svg","contentUrl":"https:\/\/www.shopalm.com\/blog\/wp-content\/uploads\/2021\/05\/logo-dark.svg","width":1,"height":1,"caption":"Shopalm"},"image":{"@id":"https:\/\/www.shopalm.com\/blog\/#\/schema\/logo\/image\/"}},false]}},"yasr_visitor_votes":{"stars_attributes":{"read_only":false,"span_bottom":false},"number_of_votes":0,"sum_votes":0},"_links":{"self":[{"href":"https:\/\/www.shopalm.com\/blog\/wp-json\/wp\/v2\/pages\/1015","targetHints":{"allow":["GET"]}}],"collection":[{"href":"https:\/\/www.shopalm.com\/blog\/wp-json\/wp\/v2\/pages"}],"about":[{"href":"https:\/\/www.shopalm.com\/blog\/wp-json\/wp\/v2\/types\/page"}],"author":[{"embeddable":true,"href":"https:\/\/www.shopalm.com\/blog\/wp-json\/wp\/v2\/users\/1"}],"replies":[{"embeddable":true,"href":"https:\/\/www.shopalm.com\/blog\/wp-json\/wp\/v2\/comments?post=1015"}],"version-history":[{"count":3,"href":"https:\/\/www.shopalm.com\/blog\/wp-json\/wp\/v2\/pages\/1015\/revisions"}],"predecessor-version":[{"id":1130,"href":"https:\/\/www.shopalm.com\/blog\/wp-json\/wp\/v2\/pages\/1015\/revisions\/1130"}],"wp:attachment":[{"href":"https:\/\/www.shopalm.com\/blog\/wp-json\/wp\/v2\/media?parent=1015"}],"curies":[{"name":"wp","href":"https:\/\/api.w.org\/{rel}","templated":true}]}}